{"id":2,"date":"2025-05-06T11:42:54","date_gmt":"2025-05-06T11:42:54","guid":{"rendered":"https:\/\/pelucanparola.rkinformatika.online\/?page_id=2"},"modified":"2025-05-08T16:29:54","modified_gmt":"2025-05-08T16:29:54","slug":"inicio","status":"publish","type":"page","link":"https:\/\/pelucanparola.com\/eu\/","title":{"rendered":"Hasiera"},"content":{"rendered":"<div data-elementor-type=\"wp-page\" data-elementor-id=\"2\" class=\"elementor elementor-2\" data-elementor-post-type=\"page\">\n\t\t\t\t<div class=\"elementor-element elementor-element-b69ad05 e-flex e-con-boxed e-con e-parent\" data-id=\"b69ad05\" data-element_type=\"container\" data-e-type=\"container\" data-settings=\"{&quot;background_background&quot;:&quot;classic&quot;}\">\n\t\t\t\t\t<div class=\"e-con-inner\">\n\t\t<div class=\"elementor-element elementor-element-3065c36 e-con-full e-flex e-con e-child\" data-id=\"3065c36\" data-element_type=\"container\" data-e-type=\"container\">\n\t\t\t\t<div class=\"elementor-element elementor-element-650fcdc elementor-invisible elementor-widget elementor-widget-heading\" data-id=\"650fcdc\" data-element_type=\"widget\" data-e-type=\"widget\" data-settings=\"{&quot;_animation&quot;:&quot;fadeInDown&quot;}\" data-widget_type=\"heading.default\">\n\t\t\t\t<div class=\"elementor-widget-container\">\n\t\t\t\t\t<h2 class=\"elementor-heading-title elementor-size-default\">Ongi etorri Canina Parola ile-apaindegira<\/h2>\t\t\t\t<\/div>\n\t\t\t\t<\/div>\n\t\t\t\t<div class=\"elementor-element elementor-element-43a8942 elementor-invisible elementor-widget elementor-widget-heading\" data-id=\"43a8942\" data-element_type=\"widget\" data-e-type=\"widget\" data-settings=\"{&quot;_animation&quot;:&quot;fadeInDown&quot;}\" data-widget_type=\"heading.default\">\n\t\t\t\t<div class=\"elementor-widget-container\">\n\t\t\t\t\t<h2 class=\"elementor-heading-title elementor-size-default\">Zure lagunak onena merezi duelako.<\/h2>\t\t\t\t<\/div>\n\t\t\t\t<\/div>\n\t\t\t\t<\/div>\n\t\t\t\t\t<\/div>\n\t\t\t\t<\/div>\n\t\t<div class=\"elementor-element elementor-element-8f21f94 e-flex e-con-boxed e-con e-parent\" data-id=\"8f21f94\" data-element_type=\"container\" data-e-type=\"container\">\n\t\t\t\t\t<div class=\"e-con-inner\">\n\t\t<div class=\"elementor-element elementor-element-51b6e3d e-con-full e-transform e-flex e-con e-child\" data-id=\"51b6e3d\" data-element_type=\"container\" data-e-type=\"container\" data-settings=\"{&quot;_transform_scale_effect_hover&quot;:{&quot;unit&quot;:&quot;px&quot;,&quot;size&quot;:1.03,&quot;sizes&quot;:[]},&quot;_transform_scale_effect_hover_tablet&quot;:{&quot;unit&quot;:&quot;px&quot;,&quot;size&quot;:&quot;&quot;,&quot;sizes&quot;:[]},&quot;_transform_scale_effect_hover_mobile&quot;:{&quot;unit&quot;:&quot;px&quot;,&quot;size&quot;:&quot;&quot;,&quot;sizes&quot;:[]}}\">\n\t\t\t\t<div class=\"elementor-element elementor-element-2a69bb2 elementor-widget elementor-widget-image\" data-id=\"2a69bb2\" data-element_type=\"widget\" data-e-type=\"widget\" data-widget_type=\"image.default\">\n\t\t\t\t<div class=\"elementor-widget-container\">\n\t\t\t\t\t\t\t\t\t\t\t\t\t\t\t<img fetchpriority=\"high\" decoding=\"async\" width=\"1920\" height=\"1080\" src=\"https:\/\/pelucanparola.com\/wp-content\/uploads\/2025\/05\/Anadir-un-titulo-2025-05-07T172307.289-2-e1746633552864.png\" class=\"attachment-full size-full wp-image-123\" alt=\"\" \/>\t\t\t\t\t\t\t\t\t\t\t\t\t\t\t<\/div>\n\t\t\t\t<\/div>\n\t\t<div class=\"elementor-element elementor-element-cd04054 e-con-full e-flex e-con e-child\" data-id=\"cd04054\" data-element_type=\"container\" data-e-type=\"container\">\n\t\t\t\t<div class=\"elementor-element elementor-element-16e14e5 elementor-widget elementor-widget-heading\" data-id=\"16e14e5\" data-element_type=\"widget\" data-e-type=\"widget\" data-widget_type=\"heading.default\">\n\t\t\t\t<div class=\"elementor-widget-container\">\n\t\t\t\t\t<h2 class=\"elementor-heading-title elementor-size-default\">GURE HISTORIA<\/h2>\t\t\t\t<\/div>\n\t\t\t\t<\/div>\n\t\t\t\t<div class=\"elementor-element elementor-element-adc2d6b elementor-widget elementor-widget-text-editor\" data-id=\"adc2d6b\" data-element_type=\"widget\" data-e-type=\"widget\" data-widget_type=\"text-editor.default\">\n\t\t\t\t<div class=\"elementor-widget-container\">\n\t\t\t\t\t\t\t\t\t<p class=\"\" data-start=\"160\" data-end=\"498\">Duela bost urte ideia argi batekin hasi genuen abentura hau: txakur bakoitzari tratu pertsonalizatua, esklusiboa eta maitasunez betea eskaintzea. Lehen egunetik, ulertu genuen kontua ez dela ilea moztea edo bainu bat ematea soilik, baizik eta bisita bakoitzean konfiantza, lasaitasuna eta ongizatea sortzea.<\/p><p class=\"\" data-start=\"500\" data-end=\"759\">Harro gaude animalia bakoitza seguru eta errespetatuta sentitzeko espazio bat sortu dugulako. Pazientziaz, esperientziaz eta mimo handiz lan egiten dugu, zerbitzu bakoitza iletsu bakoitzaren beharretara egokituz. Izan ere, txakur bakoitza bakarra da, eta horrela zaindu behar da.<\/p><p class=\"\" data-start=\"761\" data-end=\"966\">Denborarekin, gure lau hankako bezeroekin eta haien giza familiekin batera hazi gara, eta konfiantza dute gugan, ez bakarrik emaitzengatik, baita gehien maite dituztenak tratatzeko moduagatik ere.<\/p>\t\t\t\t\t\t\t\t<\/div>\n\t\t\t\t<\/div>\n\t\t\t\t<\/div>\n\t\t\t\t<\/div>\n\t\t\t\t\t<\/div>\n\t\t\t\t<\/div>\n\t\t<div class=\"elementor-element elementor-element-df0b0dc e-flex e-con-boxed e-con e-parent\" data-id=\"df0b0dc\" data-element_type=\"container\" data-e-type=\"container\" data-settings=\"{&quot;background_background&quot;:&quot;classic&quot;}\">\n\t\t\t\t\t<div class=\"e-con-inner\">\n\t\t\t\t<div class=\"elementor-element elementor-element-1aace85 elementor-invisible elementor-widget elementor-widget-heading\" data-id=\"1aace85\" data-element_type=\"widget\" data-e-type=\"widget\" data-settings=\"{&quot;_animation&quot;:&quot;fadeInDown&quot;}\" data-widget_type=\"heading.default\">\n\t\t\t\t<div class=\"elementor-widget-container\">\n\t\t\t\t\t<h2 class=\"elementor-heading-title elementor-size-default\">Ezagutu zure lagunik onenaren alde egin dezakegun guztia.<\/h2>\t\t\t\t<\/div>\n\t\t\t\t<\/div>\n\t\t\t\t<div class=\"elementor-element elementor-element-ff10067 elementor-align-center animated-slow elementor-invisible elementor-widget elementor-widget-button\" data-id=\"ff10067\" data-element_type=\"widget\" data-e-type=\"widget\" data-settings=\"{&quot;_animation&quot;:&quot;fadeIn&quot;}\" data-widget_type=\"button.default\">\n\t\t\t\t<div class=\"elementor-widget-container\">\n\t\t\t\t\t\t\t\t\t<div class=\"elementor-button-wrapper\">\n\t\t\t\t\t<a class=\"elementor-button elementor-button-link elementor-size-sm\" href=\"https:\/\/pelucanparola.com\/eu\/servicio\/\">\n\t\t\t\t\t\t<span class=\"elementor-button-content-wrapper\">\n\t\t\t\t\t\t\t\t\t<span class=\"elementor-button-text\">Ikusi proiektuak<\/span>\n\t\t\t\t\t<\/span>\n\t\t\t\t\t<\/a>\n\t\t\t\t<\/div>\n\t\t\t\t\t\t\t\t<\/div>\n\t\t\t\t<\/div>\n\t\t\t\t\t<\/div>\n\t\t\t\t<\/div>\n\t\t\t\t<\/div>","protected":false},"excerpt":{"rendered":"<p>Bienvenido a Peluquer\u00eda Canina Parola Porque tu compa\u00f1ero merece lo mejor. NUESTRA HISTORIA Hace cinco a\u00f1os comenzamos esta aventura con una idea muy clara, ofrecer a cada perro un trato personalizado, exclusivo y lleno de cari\u00f1o. Desde el primer d\u00eda, entendimos que no se trata solo de cortar pelo o dar un ba\u00f1o, sino de [&hellip;]<\/p>\n","protected":false},"author":1,"featured_media":0,"parent":0,"menu_order":0,"comment_status":"closed","ping_status":"closed","template":"elementor_canvas","meta":{"footnotes":""},"class_list":["post-2","page","type-page","status-publish","hentry"],"yoast_head":"<!-- This site is optimized with the Yoast SEO plugin v27.3 - https:\/\/yoast.com\/product\/yoast-seo-wordpress\/ -->\n<title>Inicio - Peluquer\u00eda Canina Parola<\/title>\n<meta name=\"robots\" content=\"index, follow, max-snippet:-1, max-image-preview:large, max-video-preview:-1\" \/>\n<link rel=\"canonical\" href=\"https:\/\/pelucanparola.com\/eu\/\" \/>\n<meta property=\"og:locale\" content=\"en_US\" \/>\n<meta property=\"og:type\" content=\"article\" \/>\n<meta property=\"og:title\" content=\"Inicio - Peluquer\u00eda Canina Parola\" \/>\n<meta property=\"og:description\" content=\"Bienvenido a Peluquer\u00eda Canina Parola Porque tu compa\u00f1ero merece lo mejor. NUESTRA HISTORIA Hace cinco a\u00f1os comenzamos esta aventura con una idea muy clara, ofrecer a cada perro un trato personalizado, exclusivo y lleno de cari\u00f1o. Desde el primer d\u00eda, entendimos que no se trata solo de cortar pelo o dar un ba\u00f1o, sino de [&hellip;]\" \/>\n<meta property=\"og:url\" content=\"https:\/\/pelucanparola.com\/eu\/\" \/>\n<meta property=\"og:site_name\" content=\"Peluquer\u00eda Canina Parola\" \/>\n<meta property=\"article:modified_time\" content=\"2025-05-08T16:29:54+00:00\" \/>\n<meta property=\"og:image\" content=\"https:\/\/pelucanparola.com\/wp-content\/uploads\/2025\/05\/Anadir-un-titulo-2025-05-07T172307.289-2-e1746633552864.png\" \/>\n<meta name=\"twitter:card\" content=\"summary_large_image\" \/>\n<meta name=\"twitter:label1\" content=\"Est. reading time\" \/>\n\t<meta name=\"twitter:data1\" content=\"1 minutua\" \/>\n<script type=\"application\/ld+json\" class=\"yoast-schema-graph\">{\"@context\":\"https:\\\/\\\/schema.org\",\"@graph\":[{\"@type\":\"WebPage\",\"@id\":\"https:\\\/\\\/pelucanparola.com\\\/\",\"url\":\"https:\\\/\\\/pelucanparola.com\\\/\",\"name\":\"Inicio - Peluquer\u00eda Canina Parola\",\"isPartOf\":{\"@id\":\"https:\\\/\\\/pelucanparola.com\\\/#website\"},\"primaryImageOfPage\":{\"@id\":\"https:\\\/\\\/pelucanparola.com\\\/#primaryimage\"},\"image\":{\"@id\":\"https:\\\/\\\/pelucanparola.com\\\/#primaryimage\"},\"thumbnailUrl\":\"https:\\\/\\\/pelucanparola.com\\\/wp-content\\\/uploads\\\/2025\\\/05\\\/Anadir-un-titulo-2025-05-07T172307.289-2-e1746633552864.png\",\"datePublished\":\"2025-05-06T11:42:54+00:00\",\"dateModified\":\"2025-05-08T16:29:54+00:00\",\"breadcrumb\":{\"@id\":\"https:\\\/\\\/pelucanparola.com\\\/#breadcrumb\"},\"inLanguage\":\"eu\",\"potentialAction\":[{\"@type\":\"ReadAction\",\"target\":[\"https:\\\/\\\/pelucanparola.com\\\/\"]}]},{\"@type\":\"ImageObject\",\"inLanguage\":\"eu\",\"@id\":\"https:\\\/\\\/pelucanparola.com\\\/#primaryimage\",\"url\":\"https:\\\/\\\/pelucanparola.com\\\/wp-content\\\/uploads\\\/2025\\\/05\\\/Anadir-un-titulo-2025-05-07T172307.289-2-e1746633552864.png\",\"contentUrl\":\"https:\\\/\\\/pelucanparola.com\\\/wp-content\\\/uploads\\\/2025\\\/05\\\/Anadir-un-titulo-2025-05-07T172307.289-2-e1746633552864.png\"},{\"@type\":\"BreadcrumbList\",\"@id\":\"https:\\\/\\\/pelucanparola.com\\\/#breadcrumb\",\"itemListElement\":[{\"@type\":\"ListItem\",\"position\":1,\"name\":\"Portada\",\"item\":\"https:\\\/\\\/pelucanparola.com\\\/\"},{\"@type\":\"ListItem\",\"position\":2,\"name\":\"Inicio\"}]},{\"@type\":\"WebSite\",\"@id\":\"https:\\\/\\\/pelucanparola.com\\\/#website\",\"url\":\"https:\\\/\\\/pelucanparola.com\\\/\",\"name\":\"Peluquer\u00eda Canina Parola\",\"description\":\"Damos un trato personalizau y esclusivo para cada perro que nos visita. Tratandoles en todo momento, con paciencia y mucho cari\u00f1o.\",\"publisher\":{\"@id\":\"https:\\\/\\\/pelucanparola.com\\\/#organization\"},\"potentialAction\":[{\"@type\":\"SearchAction\",\"target\":{\"@type\":\"EntryPoint\",\"urlTemplate\":\"https:\\\/\\\/pelucanparola.com\\\/?s={search_term_string}\"},\"query-input\":{\"@type\":\"PropertyValueSpecification\",\"valueRequired\":true,\"valueName\":\"search_term_string\"}}],\"inLanguage\":\"eu\"},{\"@type\":\"Organization\",\"@id\":\"https:\\\/\\\/pelucanparola.com\\\/#organization\",\"name\":\"Peluquer\u00eda Canina Parola\",\"url\":\"https:\\\/\\\/pelucanparola.com\\\/\",\"logo\":{\"@type\":\"ImageObject\",\"inLanguage\":\"eu\",\"@id\":\"https:\\\/\\\/pelucanparola.com\\\/#\\\/schema\\\/logo\\\/image\\\/\",\"url\":\"https:\\\/\\\/pelucanparola.com\\\/wp-content\\\/uploads\\\/2025\\\/05\\\/ChatGPT-Image-8-may-2025-04_23_49-p.m-e1746714743784.png\",\"contentUrl\":\"https:\\\/\\\/pelucanparola.com\\\/wp-content\\\/uploads\\\/2025\\\/05\\\/ChatGPT-Image-8-may-2025-04_23_49-p.m-e1746714743784.png\",\"width\":1024,\"height\":1236,\"caption\":\"Peluquer\u00eda Canina Parola\"},\"image\":{\"@id\":\"https:\\\/\\\/pelucanparola.com\\\/#\\\/schema\\\/logo\\\/image\\\/\"}}]}<\/script>\n<!-- \/ Yoast SEO plugin. -->","yoast_head_json":{"title":"Inicio - Peluquer\u00eda Canina Parola","robots":{"index":"index","follow":"follow","max-snippet":"max-snippet:-1","max-image-preview":"max-image-preview:large","max-video-preview":"max-video-preview:-1"},"canonical":"https:\/\/pelucanparola.com\/eu\/","og_locale":"en_US","og_type":"article","og_title":"Inicio - Peluquer\u00eda Canina Parola","og_description":"Bienvenido a Peluquer\u00eda Canina Parola Porque tu compa\u00f1ero merece lo mejor. NUESTRA HISTORIA Hace cinco a\u00f1os comenzamos esta aventura con una idea muy clara, ofrecer a cada perro un trato personalizado, exclusivo y lleno de cari\u00f1o. Desde el primer d\u00eda, entendimos que no se trata solo de cortar pelo o dar un ba\u00f1o, sino de [&hellip;]","og_url":"https:\/\/pelucanparola.com\/eu\/","og_site_name":"Peluquer\u00eda Canina Parola","article_modified_time":"2025-05-08T16:29:54+00:00","og_image":[{"url":"https:\/\/pelucanparola.com\/wp-content\/uploads\/2025\/05\/Anadir-un-titulo-2025-05-07T172307.289-2-e1746633552864.png","type":"","width":"","height":""}],"twitter_card":"summary_large_image","twitter_misc":{"Est. reading time":"1 minutua"},"schema":{"@context":"https:\/\/schema.org","@graph":[{"@type":"WebPage","@id":"https:\/\/pelucanparola.com\/","url":"https:\/\/pelucanparola.com\/","name":"Inicio - Peluquer\u00eda Canina Parola","isPartOf":{"@id":"https:\/\/pelucanparola.com\/#website"},"primaryImageOfPage":{"@id":"https:\/\/pelucanparola.com\/#primaryimage"},"image":{"@id":"https:\/\/pelucanparola.com\/#primaryimage"},"thumbnailUrl":"https:\/\/pelucanparola.com\/wp-content\/uploads\/2025\/05\/Anadir-un-titulo-2025-05-07T172307.289-2-e1746633552864.png","datePublished":"2025-05-06T11:42:54+00:00","dateModified":"2025-05-08T16:29:54+00:00","breadcrumb":{"@id":"https:\/\/pelucanparola.com\/#breadcrumb"},"inLanguage":"eu","potentialAction":[{"@type":"ReadAction","target":["https:\/\/pelucanparola.com\/"]}]},{"@type":"ImageObject","inLanguage":"eu","@id":"https:\/\/pelucanparola.com\/#primaryimage","url":"https:\/\/pelucanparola.com\/wp-content\/uploads\/2025\/05\/Anadir-un-titulo-2025-05-07T172307.289-2-e1746633552864.png","contentUrl":"https:\/\/pelucanparola.com\/wp-content\/uploads\/2025\/05\/Anadir-un-titulo-2025-05-07T172307.289-2-e1746633552864.png"},{"@type":"BreadcrumbList","@id":"https:\/\/pelucanparola.com\/#breadcrumb","itemListElement":[{"@type":"ListItem","position":1,"name":"Portada","item":"https:\/\/pelucanparola.com\/"},{"@type":"ListItem","position":2,"name":"Inicio"}]},{"@type":"WebSite","@id":"https:\/\/pelucanparola.com\/#website","url":"https:\/\/pelucanparola.com\/","name":"Peluquer\u00eda Canina Parola","description":"Damos un trato personalizau y esclusivo para cada perro que nos visita. Tratandoles en todo momento, con paciencia y mucho cari\u00f1o.","publisher":{"@id":"https:\/\/pelucanparola.com\/#organization"},"potentialAction":[{"@type":"SearchAction","target":{"@type":"EntryPoint","urlTemplate":"https:\/\/pelucanparola.com\/?s={search_term_string}"},"query-input":{"@type":"PropertyValueSpecification","valueRequired":true,"valueName":"search_term_string"}}],"inLanguage":"eu"},{"@type":"Organization","@id":"https:\/\/pelucanparola.com\/#organization","name":"Peluquer\u00eda Canina Parola","url":"https:\/\/pelucanparola.com\/","logo":{"@type":"ImageObject","inLanguage":"eu","@id":"https:\/\/pelucanparola.com\/#\/schema\/logo\/image\/","url":"https:\/\/pelucanparola.com\/wp-content\/uploads\/2025\/05\/ChatGPT-Image-8-may-2025-04_23_49-p.m-e1746714743784.png","contentUrl":"https:\/\/pelucanparola.com\/wp-content\/uploads\/2025\/05\/ChatGPT-Image-8-may-2025-04_23_49-p.m-e1746714743784.png","width":1024,"height":1236,"caption":"Peluquer\u00eda Canina Parola"},"image":{"@id":"https:\/\/pelucanparola.com\/#\/schema\/logo\/image\/"}}]}},"_links":{"self":[{"href":"https:\/\/pelucanparola.com\/eu\/wp-json\/wp\/v2\/pages\/2","targetHints":{"allow":["GET"]}}],"collection":[{"href":"https:\/\/pelucanparola.com\/eu\/wp-json\/wp\/v2\/pages"}],"about":[{"href":"https:\/\/pelucanparola.com\/eu\/wp-json\/wp\/v2\/types\/page"}],"author":[{"embeddable":true,"href":"https:\/\/pelucanparola.com\/eu\/wp-json\/wp\/v2\/users\/1"}],"replies":[{"embeddable":true,"href":"https:\/\/pelucanparola.com\/eu\/wp-json\/wp\/v2\/comments?post=2"}],"version-history":[{"count":160,"href":"https:\/\/pelucanparola.com\/eu\/wp-json\/wp\/v2\/pages\/2\/revisions"}],"predecessor-version":[{"id":644,"href":"https:\/\/pelucanparola.com\/eu\/wp-json\/wp\/v2\/pages\/2\/revisions\/644"}],"wp:attachment":[{"href":"https:\/\/pelucanparola.com\/eu\/wp-json\/wp\/v2\/media?parent=2"}],"curies":[{"name":"wp","href":"https:\/\/api.w.org\/{rel}","templated":true}]}}